{"id":2229,"date":"2025-07-16T16:06:59","date_gmt":"2025-07-16T14:06:59","guid":{"rendered":"https:\/\/lutze-law.de\/privacyverklaring\/"},"modified":"2025-12-10T12:01:39","modified_gmt":"2025-12-10T11:01:39","slug":"datenschutzerklaerung","status":"publish","type":"page","link":"https:\/\/lutze-law.de\/de\/datenschutzerklaerung\/","title":{"rendered":"Datenschutzerkl\u00e4rung"},"content":{"rendered":"","protected":false},"excerpt":{"rendered":"","protected":false},"author":1,"featured_media":0,"parent":0,"menu_order":0,"comment_status":"closed","ping_status":"closed","template":"","meta":{"_acf_changed":false,"footnotes":""},"class_list":["post-2229","page","type-page","status-publish","hentry"],"acf":[],"yoast_head":"<!-- This site is optimized with the Yoast SEO plugin v27.3 - https:\/\/yoast.com\/product\/yoast-seo-wordpress\/ -->\n<title>Datenschutzerkl\u00e4rung \u2013 Lutze Rechtsanw\u00e4lte<\/title>\n<meta name=\"description\" content=\"Erfahren Sie, wie Lutze Rechtsanw\u00e4lte Ihre personenbezogenen Daten verarbeitet und sch\u00fctzt \u2013 gem\u00e4\u00df DSGVO und deutschen Datenschutzvorgaben.\" \/>\n<meta name=\"robots\" content=\"noindex, follow\" \/>\n<meta property=\"og:locale\" content=\"de_DE\" \/>\n<meta property=\"og:type\" content=\"article\" \/>\n<meta property=\"og:title\" content=\"Datenschutzerkl\u00e4rung \u2013 Lutze Rechtsanw\u00e4lte\" \/>\n<meta property=\"og:description\" content=\"Erfahren Sie, wie Lutze Rechtsanw\u00e4lte Ihre personenbezogenen Daten verarbeitet und sch\u00fctzt \u2013 gem\u00e4\u00df DSGVO und deutschen Datenschutzvorgaben.\" \/>\n<meta property=\"og:url\" content=\"https:\/\/lutze-law.de\/de\/datenschutzerklaerung\/\" \/>\n<meta property=\"og:site_name\" content=\"Lutze Law\" \/>\n<meta property=\"article:modified_time\" content=\"2025-12-10T11:01:39+00:00\" \/>\n<meta name=\"twitter:card\" content=\"summary_large_image\" \/>\n<meta name=\"twitter:label1\" content=\"Gesch\u00e4tzte Lesezeit\" \/>\n\t<meta name=\"twitter:data1\" content=\"15\u00a0Minuten\" \/>\n<script type=\"application\/ld+json\" class=\"yoast-schema-graph\">{\"@context\":\"https:\\\/\\\/schema.org\",\"@graph\":[{\"@type\":\"WebPage\",\"@id\":\"https:\\\/\\\/lutze-law.de\\\/de\\\/datenschutzerklaerung\\\/\",\"url\":\"https:\\\/\\\/lutze-law.de\\\/de\\\/datenschutzerklaerung\\\/\",\"name\":\"Datenschutzerkl\u00e4rung \u2013 Lutze Rechtsanw\u00e4lte\",\"isPartOf\":{\"@id\":\"https:\\\/\\\/lutze-law.de\\\/de\\\/#website\"},\"datePublished\":\"2025-07-16T14:06:59+00:00\",\"dateModified\":\"2025-12-10T11:01:39+00:00\",\"description\":\"Erfahren Sie, wie Lutze Rechtsanw\u00e4lte Ihre personenbezogenen Daten verarbeitet und sch\u00fctzt \u2013 gem\u00e4\u00df DSGVO und deutschen Datenschutzvorgaben.\",\"breadcrumb\":{\"@id\":\"https:\\\/\\\/lutze-law.de\\\/de\\\/datenschutzerklaerung\\\/#breadcrumb\"},\"inLanguage\":\"de\",\"potentialAction\":[{\"@type\":\"ReadAction\",\"target\":[\"https:\\\/\\\/lutze-law.de\\\/de\\\/datenschutzerklaerung\\\/\"]}]},{\"@type\":\"BreadcrumbList\",\"@id\":\"https:\\\/\\\/lutze-law.de\\\/de\\\/datenschutzerklaerung\\\/#breadcrumb\",\"itemListElement\":[{\"@type\":\"ListItem\",\"position\":1,\"name\":\"Startseite\",\"item\":\"https:\\\/\\\/lutze-law.de\\\/de\\\/\"},{\"@type\":\"ListItem\",\"position\":2,\"name\":\"Datenschutzerkl\u00e4rung\"}]},{\"@type\":\"WebSite\",\"@id\":\"https:\\\/\\\/lutze-law.de\\\/de\\\/#website\",\"url\":\"https:\\\/\\\/lutze-law.de\\\/de\\\/\",\"name\":\"Lutze Law\",\"description\":\"\",\"publisher\":{\"@id\":\"https:\\\/\\\/lutze-law.de\\\/de\\\/#organization\"},\"potentialAction\":[{\"@type\":\"SearchAction\",\"target\":{\"@type\":\"EntryPoint\",\"urlTemplate\":\"https:\\\/\\\/lutze-law.de\\\/de\\\/?s={search_term_string}\"},\"query-input\":{\"@type\":\"PropertyValueSpecification\",\"valueRequired\":true,\"valueName\":\"search_term_string\"}}],\"inLanguage\":\"de\"},{\"@type\":\"Organization\",\"@id\":\"https:\\\/\\\/lutze-law.de\\\/de\\\/#organization\",\"name\":\"Lutze Law\",\"url\":\"https:\\\/\\\/lutze-law.de\\\/de\\\/\",\"logo\":{\"@type\":\"ImageObject\",\"inLanguage\":\"de\",\"@id\":\"https:\\\/\\\/lutze-law.de\\\/de\\\/#\\\/schema\\\/logo\\\/image\\\/\",\"url\":\"https:\\\/\\\/lutze-law.de\\\/wp-content\\\/uploads\\\/2025\\\/06\\\/lutze-logo-dark.svg\",\"contentUrl\":\"https:\\\/\\\/lutze-law.de\\\/wp-content\\\/uploads\\\/2025\\\/06\\\/lutze-logo-dark.svg\",\"caption\":\"Lutze Law\"},\"image\":{\"@id\":\"https:\\\/\\\/lutze-law.de\\\/de\\\/#\\\/schema\\\/logo\\\/image\\\/\"}}]}<\/script>\n<!-- \/ Yoast SEO plugin. -->","yoast_head_json":{"title":"Datenschutzerkl\u00e4rung \u2013 Lutze Rechtsanw\u00e4lte","description":"Erfahren Sie, wie Lutze Rechtsanw\u00e4lte Ihre personenbezogenen Daten verarbeitet und sch\u00fctzt \u2013 gem\u00e4\u00df DSGVO und deutschen Datenschutzvorgaben.","robots":{"index":"noindex","follow":"follow"},"og_locale":"de_DE","og_type":"article","og_title":"Datenschutzerkl\u00e4rung \u2013 Lutze Rechtsanw\u00e4lte","og_description":"Erfahren Sie, wie Lutze Rechtsanw\u00e4lte Ihre personenbezogenen Daten verarbeitet und sch\u00fctzt \u2013 gem\u00e4\u00df DSGVO und deutschen Datenschutzvorgaben.","og_url":"https:\/\/lutze-law.de\/de\/datenschutzerklaerung\/","og_site_name":"Lutze Law","article_modified_time":"2025-12-10T11:01:39+00:00","twitter_card":"summary_large_image","twitter_misc":{"Gesch\u00e4tzte Lesezeit":"15\u00a0Minuten"},"schema":{"@context":"https:\/\/schema.org","@graph":[{"@type":"WebPage","@id":"https:\/\/lutze-law.de\/de\/datenschutzerklaerung\/","url":"https:\/\/lutze-law.de\/de\/datenschutzerklaerung\/","name":"Datenschutzerkl\u00e4rung \u2013 Lutze Rechtsanw\u00e4lte","isPartOf":{"@id":"https:\/\/lutze-law.de\/de\/#website"},"datePublished":"2025-07-16T14:06:59+00:00","dateModified":"2025-12-10T11:01:39+00:00","description":"Erfahren Sie, wie Lutze Rechtsanw\u00e4lte Ihre personenbezogenen Daten verarbeitet und sch\u00fctzt \u2013 gem\u00e4\u00df DSGVO und deutschen Datenschutzvorgaben.","breadcrumb":{"@id":"https:\/\/lutze-law.de\/de\/datenschutzerklaerung\/#breadcrumb"},"inLanguage":"de","potentialAction":[{"@type":"ReadAction","target":["https:\/\/lutze-law.de\/de\/datenschutzerklaerung\/"]}]},{"@type":"BreadcrumbList","@id":"https:\/\/lutze-law.de\/de\/datenschutzerklaerung\/#breadcrumb","itemListElement":[{"@type":"ListItem","position":1,"name":"Startseite","item":"https:\/\/lutze-law.de\/de\/"},{"@type":"ListItem","position":2,"name":"Datenschutzerkl\u00e4rung"}]},{"@type":"WebSite","@id":"https:\/\/lutze-law.de\/de\/#website","url":"https:\/\/lutze-law.de\/de\/","name":"Lutze Law","description":"","publisher":{"@id":"https:\/\/lutze-law.de\/de\/#organization"},"potentialAction":[{"@type":"SearchAction","target":{"@type":"EntryPoint","urlTemplate":"https:\/\/lutze-law.de\/de\/?s={search_term_string}"},"query-input":{"@type":"PropertyValueSpecification","valueRequired":true,"valueName":"search_term_string"}}],"inLanguage":"de"},{"@type":"Organization","@id":"https:\/\/lutze-law.de\/de\/#organization","name":"Lutze Law","url":"https:\/\/lutze-law.de\/de\/","logo":{"@type":"ImageObject","inLanguage":"de","@id":"https:\/\/lutze-law.de\/de\/#\/schema\/logo\/image\/","url":"https:\/\/lutze-law.de\/wp-content\/uploads\/2025\/06\/lutze-logo-dark.svg","contentUrl":"https:\/\/lutze-law.de\/wp-content\/uploads\/2025\/06\/lutze-logo-dark.svg","caption":"Lutze Law"},"image":{"@id":"https:\/\/lutze-law.de\/de\/#\/schema\/logo\/image\/"}}]}},"_links":{"self":[{"href":"https:\/\/lutze-law.de\/de\/wp-json\/wp\/v2\/pages\/2229","targetHints":{"allow":["GET"]}}],"collection":[{"href":"https:\/\/lutze-law.de\/de\/wp-json\/wp\/v2\/pages"}],"about":[{"href":"https:\/\/lutze-law.de\/de\/wp-json\/wp\/v2\/types\/page"}],"author":[{"embeddable":true,"href":"https:\/\/lutze-law.de\/de\/wp-json\/wp\/v2\/users\/1"}],"replies":[{"embeddable":true,"href":"https:\/\/lutze-law.de\/de\/wp-json\/wp\/v2\/comments?post=2229"}],"version-history":[{"count":3,"href":"https:\/\/lutze-law.de\/de\/wp-json\/wp\/v2\/pages\/2229\/revisions"}],"predecessor-version":[{"id":2496,"href":"https:\/\/lutze-law.de\/de\/wp-json\/wp\/v2\/pages\/2229\/revisions\/2496"}],"wp:attachment":[{"href":"https:\/\/lutze-law.de\/de\/wp-json\/wp\/v2\/media?parent=2229"}],"curies":[{"name":"wp","href":"https:\/\/api.w.org\/{rel}","templated":true}]}}