{"id":2184,"date":"2025-06-16T16:57:36","date_gmt":"2025-06-16T14:57:36","guid":{"rendered":"https:\/\/lutze-law.de\/over-ons\/"},"modified":"2026-02-17T09:56:26","modified_gmt":"2026-02-17T08:56:26","slug":"ueber-uns","status":"publish","type":"page","link":"https:\/\/lutze-law.de\/de\/ueber-uns\/","title":{"rendered":"\u00dcber uns"},"content":{"rendered":"","protected":false},"excerpt":{"rendered":"","protected":false},"author":1,"featured_media":0,"parent":0,"menu_order":0,"comment_status":"closed","ping_status":"closed","template":"","meta":{"_acf_changed":false,"footnotes":""},"class_list":["post-2184","page","type-page","status-publish","hentry"],"acf":[],"yoast_head":"<!-- This site is optimized with the Yoast SEO plugin v27.3 - https:\/\/yoast.com\/product\/yoast-seo-wordpress\/ -->\n<title>\u00dcber uns \u2013 Kanzlei f\u00fcr Wirtschaftsrecht<\/title>\n<meta name=\"description\" content=\"Lutze Rechtsanw\u00e4lte ist eine Kanzlei f\u00fcr Wirtschaftsrecht mit langj\u00e4hriger Erfahrung in deutsch-niederl\u00e4ndischen Mandaten und praxisorientierter Beratung.\" \/>\n<meta name=\"robots\" content=\"index, follow, max-snippet:-1, max-image-preview:large, max-video-preview:-1\" \/>\n<link rel=\"canonical\" href=\"https:\/\/lutze-law.de\/de\/ueber-uns\/\" \/>\n<meta property=\"og:locale\" content=\"de_DE\" \/>\n<meta property=\"og:type\" content=\"article\" \/>\n<meta property=\"og:title\" content=\"\u00dcber uns \u2013 Kanzlei f\u00fcr Wirtschaftsrecht\" \/>\n<meta property=\"og:description\" content=\"Lutze Rechtsanw\u00e4lte ist eine Kanzlei f\u00fcr Wirtschaftsrecht mit langj\u00e4hriger Erfahrung in deutsch-niederl\u00e4ndischen Mandaten und praxisorientierter Beratung.\" \/>\n<meta property=\"og:url\" content=\"https:\/\/lutze-law.de\/de\/ueber-uns\/\" \/>\n<meta property=\"og:site_name\" content=\"Lutze Law\" \/>\n<meta property=\"article:modified_time\" content=\"2026-02-17T08:56:26+00:00\" \/>\n<meta name=\"twitter:card\" content=\"summary_large_image\" \/>\n<meta name=\"twitter:label1\" content=\"Gesch\u00e4tzte Lesezeit\" \/>\n\t<meta name=\"twitter:data1\" content=\"3\u00a0Minuten\" \/>\n<script type=\"application\/ld+json\" class=\"yoast-schema-graph\">{\"@context\":\"https:\\\/\\\/schema.org\",\"@graph\":[{\"@type\":\"WebPage\",\"@id\":\"https:\\\/\\\/lutze-law.de\\\/de\\\/ueber-uns\\\/\",\"url\":\"https:\\\/\\\/lutze-law.de\\\/de\\\/ueber-uns\\\/\",\"name\":\"\u00dcber uns \u2013 Kanzlei f\u00fcr Wirtschaftsrecht\",\"isPartOf\":{\"@id\":\"https:\\\/\\\/lutze-law.de\\\/de\\\/#website\"},\"datePublished\":\"2025-06-16T14:57:36+00:00\",\"dateModified\":\"2026-02-17T08:56:26+00:00\",\"description\":\"Lutze Rechtsanw\u00e4lte ist eine Kanzlei f\u00fcr Wirtschaftsrecht mit langj\u00e4hriger Erfahrung in deutsch-niederl\u00e4ndischen Mandaten und praxisorientierter Beratung.\",\"breadcrumb\":{\"@id\":\"https:\\\/\\\/lutze-law.de\\\/de\\\/ueber-uns\\\/#breadcrumb\"},\"inLanguage\":\"de\",\"potentialAction\":[{\"@type\":\"ReadAction\",\"target\":[\"https:\\\/\\\/lutze-law.de\\\/de\\\/ueber-uns\\\/\"]}]},{\"@type\":\"BreadcrumbList\",\"@id\":\"https:\\\/\\\/lutze-law.de\\\/de\\\/ueber-uns\\\/#breadcrumb\",\"itemListElement\":[{\"@type\":\"ListItem\",\"position\":1,\"name\":\"Startseite\",\"item\":\"https:\\\/\\\/lutze-law.de\\\/de\\\/\"},{\"@type\":\"ListItem\",\"position\":2,\"name\":\"\u00dcber uns\"}]},{\"@type\":\"WebSite\",\"@id\":\"https:\\\/\\\/lutze-law.de\\\/de\\\/#website\",\"url\":\"https:\\\/\\\/lutze-law.de\\\/de\\\/\",\"name\":\"Lutze Law\",\"description\":\"\",\"publisher\":{\"@id\":\"https:\\\/\\\/lutze-law.de\\\/de\\\/#organization\"},\"potentialAction\":[{\"@type\":\"SearchAction\",\"target\":{\"@type\":\"EntryPoint\",\"urlTemplate\":\"https:\\\/\\\/lutze-law.de\\\/de\\\/?s={search_term_string}\"},\"query-input\":{\"@type\":\"PropertyValueSpecification\",\"valueRequired\":true,\"valueName\":\"search_term_string\"}}],\"inLanguage\":\"de\"},{\"@type\":\"Organization\",\"@id\":\"https:\\\/\\\/lutze-law.de\\\/de\\\/#organization\",\"name\":\"Lutze Law\",\"url\":\"https:\\\/\\\/lutze-law.de\\\/de\\\/\",\"logo\":{\"@type\":\"ImageObject\",\"inLanguage\":\"de\",\"@id\":\"https:\\\/\\\/lutze-law.de\\\/de\\\/#\\\/schema\\\/logo\\\/image\\\/\",\"url\":\"https:\\\/\\\/lutze-law.de\\\/wp-content\\\/uploads\\\/2025\\\/06\\\/lutze-logo-dark.svg\",\"contentUrl\":\"https:\\\/\\\/lutze-law.de\\\/wp-content\\\/uploads\\\/2025\\\/06\\\/lutze-logo-dark.svg\",\"caption\":\"Lutze Law\"},\"image\":{\"@id\":\"https:\\\/\\\/lutze-law.de\\\/de\\\/#\\\/schema\\\/logo\\\/image\\\/\"}}]}<\/script>\n<!-- \/ Yoast SEO plugin. -->","yoast_head_json":{"title":"\u00dcber uns \u2013 Kanzlei f\u00fcr Wirtschaftsrecht","description":"Lutze Rechtsanw\u00e4lte ist eine Kanzlei f\u00fcr Wirtschaftsrecht mit langj\u00e4hriger Erfahrung in deutsch-niederl\u00e4ndischen Mandaten und praxisorientierter Beratung.","robots":{"index":"index","follow":"follow","max-snippet":"max-snippet:-1","max-image-preview":"max-image-preview:large","max-video-preview":"max-video-preview:-1"},"canonical":"https:\/\/lutze-law.de\/de\/ueber-uns\/","og_locale":"de_DE","og_type":"article","og_title":"\u00dcber uns \u2013 Kanzlei f\u00fcr Wirtschaftsrecht","og_description":"Lutze Rechtsanw\u00e4lte ist eine Kanzlei f\u00fcr Wirtschaftsrecht mit langj\u00e4hriger Erfahrung in deutsch-niederl\u00e4ndischen Mandaten und praxisorientierter Beratung.","og_url":"https:\/\/lutze-law.de\/de\/ueber-uns\/","og_site_name":"Lutze Law","article_modified_time":"2026-02-17T08:56:26+00:00","twitter_card":"summary_large_image","twitter_misc":{"Gesch\u00e4tzte Lesezeit":"3\u00a0Minuten"},"schema":{"@context":"https:\/\/schema.org","@graph":[{"@type":"WebPage","@id":"https:\/\/lutze-law.de\/de\/ueber-uns\/","url":"https:\/\/lutze-law.de\/de\/ueber-uns\/","name":"\u00dcber uns \u2013 Kanzlei f\u00fcr Wirtschaftsrecht","isPartOf":{"@id":"https:\/\/lutze-law.de\/de\/#website"},"datePublished":"2025-06-16T14:57:36+00:00","dateModified":"2026-02-17T08:56:26+00:00","description":"Lutze Rechtsanw\u00e4lte ist eine Kanzlei f\u00fcr Wirtschaftsrecht mit langj\u00e4hriger Erfahrung in deutsch-niederl\u00e4ndischen Mandaten und praxisorientierter Beratung.","breadcrumb":{"@id":"https:\/\/lutze-law.de\/de\/ueber-uns\/#breadcrumb"},"inLanguage":"de","potentialAction":[{"@type":"ReadAction","target":["https:\/\/lutze-law.de\/de\/ueber-uns\/"]}]},{"@type":"BreadcrumbList","@id":"https:\/\/lutze-law.de\/de\/ueber-uns\/#breadcrumb","itemListElement":[{"@type":"ListItem","position":1,"name":"Startseite","item":"https:\/\/lutze-law.de\/de\/"},{"@type":"ListItem","position":2,"name":"\u00dcber uns"}]},{"@type":"WebSite","@id":"https:\/\/lutze-law.de\/de\/#website","url":"https:\/\/lutze-law.de\/de\/","name":"Lutze Law","description":"","publisher":{"@id":"https:\/\/lutze-law.de\/de\/#organization"},"potentialAction":[{"@type":"SearchAction","target":{"@type":"EntryPoint","urlTemplate":"https:\/\/lutze-law.de\/de\/?s={search_term_string}"},"query-input":{"@type":"PropertyValueSpecification","valueRequired":true,"valueName":"search_term_string"}}],"inLanguage":"de"},{"@type":"Organization","@id":"https:\/\/lutze-law.de\/de\/#organization","name":"Lutze Law","url":"https:\/\/lutze-law.de\/de\/","logo":{"@type":"ImageObject","inLanguage":"de","@id":"https:\/\/lutze-law.de\/de\/#\/schema\/logo\/image\/","url":"https:\/\/lutze-law.de\/wp-content\/uploads\/2025\/06\/lutze-logo-dark.svg","contentUrl":"https:\/\/lutze-law.de\/wp-content\/uploads\/2025\/06\/lutze-logo-dark.svg","caption":"Lutze Law"},"image":{"@id":"https:\/\/lutze-law.de\/de\/#\/schema\/logo\/image\/"}}]}},"_links":{"self":[{"href":"https:\/\/lutze-law.de\/de\/wp-json\/wp\/v2\/pages\/2184","targetHints":{"allow":["GET"]}}],"collection":[{"href":"https:\/\/lutze-law.de\/de\/wp-json\/wp\/v2\/pages"}],"about":[{"href":"https:\/\/lutze-law.de\/de\/wp-json\/wp\/v2\/types\/page"}],"author":[{"embeddable":true,"href":"https:\/\/lutze-law.de\/de\/wp-json\/wp\/v2\/users\/1"}],"replies":[{"embeddable":true,"href":"https:\/\/lutze-law.de\/de\/wp-json\/wp\/v2\/comments?post=2184"}],"version-history":[{"count":15,"href":"https:\/\/lutze-law.de\/de\/wp-json\/wp\/v2\/pages\/2184\/revisions"}],"predecessor-version":[{"id":2528,"href":"https:\/\/lutze-law.de\/de\/wp-json\/wp\/v2\/pages\/2184\/revisions\/2528"}],"wp:attachment":[{"href":"https:\/\/lutze-law.de\/de\/wp-json\/wp\/v2\/media?parent=2184"}],"curies":[{"name":"wp","href":"https:\/\/api.w.org\/{rel}","templated":true}]}}