{"id":2173,"date":"2025-06-17T14:11:37","date_gmt":"2025-06-17T12:11:37","guid":{"rendered":"https:\/\/lutze-law.de\/rechtsgebieden\/"},"modified":"2025-12-01T14:53:55","modified_gmt":"2025-12-01T13:53:55","slug":"rechtsgebiete","status":"publish","type":"page","link":"https:\/\/lutze-law.de\/de\/rechtsgebiete\/","title":{"rendered":"Rechtsgebiete"},"content":{"rendered":"","protected":false},"excerpt":{"rendered":"","protected":false},"author":1,"featured_media":0,"parent":0,"menu_order":0,"comment_status":"closed","ping_status":"closed","template":"","meta":{"_acf_changed":false,"footnotes":""},"class_list":["post-2173","page","type-page","status-publish","hentry"],"acf":[],"yoast_head":"<!-- This site is optimized with the Yoast SEO plugin v27.3 - https:\/\/yoast.com\/product\/yoast-seo-wordpress\/ -->\n<title>Rechtsgebiete im Wirtschaftsrecht \u2013 Lutze Rechtsanw\u00e4lte<\/title>\n<meta name=\"description\" content=\"\u00dcberblick \u00fcber die Rechtsgebiete von Lutze Rechtsanw\u00e4lte: Arbeitsrecht, Gesellschaftsrecht, Handelsrecht, Inkasso, M&amp;A und Vertragsrecht.\" \/>\n<meta name=\"robots\" content=\"index, follow, max-snippet:-1, max-image-preview:large, max-video-preview:-1\" \/>\n<link rel=\"canonical\" href=\"https:\/\/lutze-law.de\/de\/rechtsgebiete\/\" \/>\n<meta property=\"og:locale\" content=\"de_DE\" \/>\n<meta property=\"og:type\" content=\"article\" \/>\n<meta property=\"og:title\" content=\"Rechtsgebiete im Wirtschaftsrecht \u2013 Lutze Rechtsanw\u00e4lte\" \/>\n<meta property=\"og:description\" content=\"\u00dcberblick \u00fcber die Rechtsgebiete von Lutze Rechtsanw\u00e4lte: Arbeitsrecht, Gesellschaftsrecht, Handelsrecht, Inkasso, M&amp;A und Vertragsrecht.\" \/>\n<meta property=\"og:url\" content=\"https:\/\/lutze-law.de\/de\/rechtsgebiete\/\" \/>\n<meta property=\"og:site_name\" content=\"Lutze Law\" \/>\n<meta property=\"article:modified_time\" content=\"2025-12-01T13:53:55+00:00\" \/>\n<meta name=\"twitter:card\" content=\"summary_large_image\" \/>\n<meta name=\"twitter:label1\" content=\"Gesch\u00e4tzte Lesezeit\" \/>\n\t<meta name=\"twitter:data1\" content=\"1\u00a0Minute\" \/>\n<script type=\"application\/ld+json\" class=\"yoast-schema-graph\">{\"@context\":\"https:\\\/\\\/schema.org\",\"@graph\":[{\"@type\":[\"WebPage\",\"CollectionPage\"],\"@id\":\"https:\\\/\\\/lutze-law.de\\\/de\\\/rechtsgebiete\\\/\",\"url\":\"https:\\\/\\\/lutze-law.de\\\/de\\\/rechtsgebiete\\\/\",\"name\":\"Rechtsgebiete im Wirtschaftsrecht \u2013 Lutze Rechtsanw\u00e4lte\",\"isPartOf\":{\"@id\":\"https:\\\/\\\/lutze-law.de\\\/de\\\/#website\"},\"datePublished\":\"2025-06-17T12:11:37+00:00\",\"dateModified\":\"2025-12-01T13:53:55+00:00\",\"description\":\"\u00dcberblick \u00fcber die Rechtsgebiete von Lutze Rechtsanw\u00e4lte: Arbeitsrecht, Gesellschaftsrecht, Handelsrecht, Inkasso, M&A und Vertragsrecht.\",\"breadcrumb\":{\"@id\":\"https:\\\/\\\/lutze-law.de\\\/de\\\/rechtsgebiete\\\/#breadcrumb\"},\"inLanguage\":\"de\"},{\"@type\":\"BreadcrumbList\",\"@id\":\"https:\\\/\\\/lutze-law.de\\\/de\\\/rechtsgebiete\\\/#breadcrumb\",\"itemListElement\":[{\"@type\":\"ListItem\",\"position\":1,\"name\":\"Startseite\",\"item\":\"https:\\\/\\\/lutze-law.de\\\/de\\\/\"},{\"@type\":\"ListItem\",\"position\":2,\"name\":\"Rechtsgebiete\"}]},{\"@type\":\"WebSite\",\"@id\":\"https:\\\/\\\/lutze-law.de\\\/de\\\/#website\",\"url\":\"https:\\\/\\\/lutze-law.de\\\/de\\\/\",\"name\":\"Lutze Law\",\"description\":\"\",\"publisher\":{\"@id\":\"https:\\\/\\\/lutze-law.de\\\/de\\\/#organization\"},\"potentialAction\":[{\"@type\":\"SearchAction\",\"target\":{\"@type\":\"EntryPoint\",\"urlTemplate\":\"https:\\\/\\\/lutze-law.de\\\/de\\\/?s={search_term_string}\"},\"query-input\":{\"@type\":\"PropertyValueSpecification\",\"valueRequired\":true,\"valueName\":\"search_term_string\"}}],\"inLanguage\":\"de\"},{\"@type\":\"Organization\",\"@id\":\"https:\\\/\\\/lutze-law.de\\\/de\\\/#organization\",\"name\":\"Lutze Law\",\"url\":\"https:\\\/\\\/lutze-law.de\\\/de\\\/\",\"logo\":{\"@type\":\"ImageObject\",\"inLanguage\":\"de\",\"@id\":\"https:\\\/\\\/lutze-law.de\\\/de\\\/#\\\/schema\\\/logo\\\/image\\\/\",\"url\":\"https:\\\/\\\/lutze-law.de\\\/wp-content\\\/uploads\\\/2025\\\/06\\\/lutze-logo-dark.svg\",\"contentUrl\":\"https:\\\/\\\/lutze-law.de\\\/wp-content\\\/uploads\\\/2025\\\/06\\\/lutze-logo-dark.svg\",\"caption\":\"Lutze Law\"},\"image\":{\"@id\":\"https:\\\/\\\/lutze-law.de\\\/de\\\/#\\\/schema\\\/logo\\\/image\\\/\"}}]}<\/script>\n<!-- \/ Yoast SEO plugin. -->","yoast_head_json":{"title":"Rechtsgebiete im Wirtschaftsrecht \u2013 Lutze Rechtsanw\u00e4lte","description":"\u00dcberblick \u00fcber die Rechtsgebiete von Lutze Rechtsanw\u00e4lte: Arbeitsrecht, Gesellschaftsrecht, Handelsrecht, Inkasso, M&A und Vertragsrecht.","robots":{"index":"index","follow":"follow","max-snippet":"max-snippet:-1","max-image-preview":"max-image-preview:large","max-video-preview":"max-video-preview:-1"},"canonical":"https:\/\/lutze-law.de\/de\/rechtsgebiete\/","og_locale":"de_DE","og_type":"article","og_title":"Rechtsgebiete im Wirtschaftsrecht \u2013 Lutze Rechtsanw\u00e4lte","og_description":"\u00dcberblick \u00fcber die Rechtsgebiete von Lutze Rechtsanw\u00e4lte: Arbeitsrecht, Gesellschaftsrecht, Handelsrecht, Inkasso, M&A und Vertragsrecht.","og_url":"https:\/\/lutze-law.de\/de\/rechtsgebiete\/","og_site_name":"Lutze Law","article_modified_time":"2025-12-01T13:53:55+00:00","twitter_card":"summary_large_image","twitter_misc":{"Gesch\u00e4tzte Lesezeit":"1\u00a0Minute"},"schema":{"@context":"https:\/\/schema.org","@graph":[{"@type":["WebPage","CollectionPage"],"@id":"https:\/\/lutze-law.de\/de\/rechtsgebiete\/","url":"https:\/\/lutze-law.de\/de\/rechtsgebiete\/","name":"Rechtsgebiete im Wirtschaftsrecht \u2013 Lutze Rechtsanw\u00e4lte","isPartOf":{"@id":"https:\/\/lutze-law.de\/de\/#website"},"datePublished":"2025-06-17T12:11:37+00:00","dateModified":"2025-12-01T13:53:55+00:00","description":"\u00dcberblick \u00fcber die Rechtsgebiete von Lutze Rechtsanw\u00e4lte: Arbeitsrecht, Gesellschaftsrecht, Handelsrecht, Inkasso, M&A und Vertragsrecht.","breadcrumb":{"@id":"https:\/\/lutze-law.de\/de\/rechtsgebiete\/#breadcrumb"},"inLanguage":"de"},{"@type":"BreadcrumbList","@id":"https:\/\/lutze-law.de\/de\/rechtsgebiete\/#breadcrumb","itemListElement":[{"@type":"ListItem","position":1,"name":"Startseite","item":"https:\/\/lutze-law.de\/de\/"},{"@type":"ListItem","position":2,"name":"Rechtsgebiete"}]},{"@type":"WebSite","@id":"https:\/\/lutze-law.de\/de\/#website","url":"https:\/\/lutze-law.de\/de\/","name":"Lutze Law","description":"","publisher":{"@id":"https:\/\/lutze-law.de\/de\/#organization"},"potentialAction":[{"@type":"SearchAction","target":{"@type":"EntryPoint","urlTemplate":"https:\/\/lutze-law.de\/de\/?s={search_term_string}"},"query-input":{"@type":"PropertyValueSpecification","valueRequired":true,"valueName":"search_term_string"}}],"inLanguage":"de"},{"@type":"Organization","@id":"https:\/\/lutze-law.de\/de\/#organization","name":"Lutze Law","url":"https:\/\/lutze-law.de\/de\/","logo":{"@type":"ImageObject","inLanguage":"de","@id":"https:\/\/lutze-law.de\/de\/#\/schema\/logo\/image\/","url":"https:\/\/lutze-law.de\/wp-content\/uploads\/2025\/06\/lutze-logo-dark.svg","contentUrl":"https:\/\/lutze-law.de\/wp-content\/uploads\/2025\/06\/lutze-logo-dark.svg","caption":"Lutze Law"},"image":{"@id":"https:\/\/lutze-law.de\/de\/#\/schema\/logo\/image\/"}}]}},"_links":{"self":[{"href":"https:\/\/lutze-law.de\/de\/wp-json\/wp\/v2\/pages\/2173","targetHints":{"allow":["GET"]}}],"collection":[{"href":"https:\/\/lutze-law.de\/de\/wp-json\/wp\/v2\/pages"}],"about":[{"href":"https:\/\/lutze-law.de\/de\/wp-json\/wp\/v2\/types\/page"}],"author":[{"embeddable":true,"href":"https:\/\/lutze-law.de\/de\/wp-json\/wp\/v2\/users\/1"}],"replies":[{"embeddable":true,"href":"https:\/\/lutze-law.de\/de\/wp-json\/wp\/v2\/comments?post=2173"}],"version-history":[{"count":5,"href":"https:\/\/lutze-law.de\/de\/wp-json\/wp\/v2\/pages\/2173\/revisions"}],"predecessor-version":[{"id":2450,"href":"https:\/\/lutze-law.de\/de\/wp-json\/wp\/v2\/pages\/2173\/revisions\/2450"}],"wp:attachment":[{"href":"https:\/\/lutze-law.de\/de\/wp-json\/wp\/v2\/media?parent=2173"}],"curies":[{"name":"wp","href":"https:\/\/api.w.org\/{rel}","templated":true}]}}